{"id":896,"date":"2018-01-20T12:47:58","date_gmt":"2018-01-20T12:47:58","guid":{"rendered":"https:\/\/yed.vvg.mybluehost.me\/\/%d0%bc%d0%be%d0%b1%d0%b8%d0%bb%d0%bd%d0%be%d1%81%d1%82-erasmus\/"},"modified":"2024-05-23T15:32:53","modified_gmt":"2024-05-23T15:32:53","slug":"%d0%bc%d0%be%d0%b1%d0%b8%d0%bb%d0%bd%d0%be%d1%81%d1%82-erasmus","status":"publish","type":"page","link":"http:\/\/gf.ukim.edu.mk\/en\/%d0%bc%d0%be%d0%b1%d0%b8%d0%bb%d0%bd%d0%be%d1%81%d1%82-erasmus\/","title":{"rendered":"\u041c\u043e\u0431\u0438\u043b\u043d\u043e\u0441\u0442 Erasmus+"},"content":{"rendered":"<div class=\"studyProgrammes\">\n<table>\n<tbody>\n<tr>\n<td colspan=\"8\" width=\"791\"><strong>AUSTRIA<\/strong><\/td>\n<\/tr>\n<tr>\n<td width=\"28\"><strong>No.<\/strong><\/td>\n<td width=\"128\"><strong>EU University<\/strong><strong>\/<\/strong>\n<p><strong>Web<\/strong><strong>site<\/strong><\/p>\n<\/td>\n<td width=\"78\"><strong>Erasmus code<\/strong><\/td>\n<td width=\"57\"><strong>Validity<\/strong><\/td>\n<td width=\"99\"><strong>Subject<\/strong><\/td>\n<td width=\"135\"><strong>Faculty<\/strong><\/td>\n<td width=\"149\"><strong>Quota<\/strong>\n<p><strong>&nbsp;<\/strong><\/p>\n<\/td>\n<td width=\"118\"><strong>Nomination deadline<\/strong><\/td>\n<\/tr>\n<tr>\n<td width=\"28\">1<\/td>\n<td width=\"128\">University of Natural Resources and Life Sciences, Vienna\n<p>&nbsp;<\/p>\n<p><a href=\"http:\/\/www.boku.ac.at\" target=\"_blank\" rel=\"noopener\">www.boku.ac.at<\/a><\/p>\n<\/td>\n<td width=\"78\">A WIEN03\n<p>&nbsp;<\/p>\n<p>&nbsp;<\/p>\n<p>&nbsp;<\/p>\n<\/td>\n<td width=\"57\">2014-2021<\/td>\n<td width=\"99\">Agriculture, forestry and fishery;\n<p>Building and civil engineering;<\/p>\n<p>Landscape architecture; Food science and technology; Forestry<\/p>\n<\/td>\n<td width=\"135\">UKIM<\/td>\n<td width=\"149\"><strong>Students-Studies<\/strong><strong>:<\/strong>\n<p><u>1<\/u><u><sup>st<\/sup><\/u><u>, 2<\/u><u><sup>nd<\/sup><\/u><u>, 3<\/u><u><sup>rd<\/sup><\/u> <u>cycle<\/u><\/p>\n<p>5\u04455 months (25)<\/p>\n<p>&nbsp;<\/p>\n<p><strong>Staff-Teaching<\/strong><strong>:<\/strong><\/p>\n<p>5\u04455 days<\/p>\n<\/td>\n<td width=\"118\"><strong>Autumn term<\/strong><strong>:<\/strong>\n<p>31 May<\/p>\n<p>&nbsp;<\/p>\n<p><strong>Spring term<\/strong><strong>:<\/strong><\/p>\n<p>31 October<\/p>\n<p>&nbsp;<\/p>\n<\/td>\n<\/tr>\n<\/tbody>\n<\/table>\n<p>&nbsp;<\/p>\n<table>\n<tbody>\n<tr>\n<td colspan=\"8\" width=\"794\"><strong>BULGARIA<\/strong><\/td>\n<\/tr>\n<tr>\n<td width=\"28\"><strong>No.<\/strong><\/td>\n<td width=\"128\"><strong>EU University<\/strong><strong>\/<\/strong>\n<p><strong>Web<\/strong><strong>site<\/strong><\/p>\n<\/td>\n<td width=\"78\"><strong>Erasmus code<\/strong><\/td>\n<td width=\"57\"><strong>Validity<\/strong><\/td>\n<td width=\"99\"><strong>Subject<\/strong><\/td>\n<td width=\"135\"><strong>Faculty<\/strong><\/td>\n<td width=\"149\"><strong>Quota<\/strong>\n<p><strong>&nbsp;<\/strong><\/p>\n<\/td>\n<td width=\"121\"><strong>Nomination deadline<\/strong><\/td>\n<\/tr>\n<tr>\n<td width=\"28\">2<\/td>\n<td width=\"128\">University for Architecture, Civil Engineering and Geodesy (UACEG)\n<p><a href=\"http:\/\/www.uacg.bg\" target=\"_blank\" rel=\"noopener\">www.uacg.bg<\/a><\/p>\n<\/td>\n<td width=\"78\">BG SOFIA04\n<p>&nbsp;<\/p>\n<p>&nbsp;<\/p>\n<p>&nbsp;<\/p>\n<p>&nbsp;<\/p>\n<\/td>\n<td width=\"57\">2014-2020<\/td>\n<td width=\"99\">Building and civil engineering<\/td>\n<td width=\"135\">Faculty of Civil Engineering<\/td>\n<td width=\"149\"><strong>Students-Studies<\/strong><strong>:<\/strong>\n<p><u>1<\/u><u><sup>st<\/sup><\/u><u>, 2<\/u><u><sup>nd<\/sup><\/u><u> cycle<\/u><\/p>\n<p>1\u044510 months (10)<\/p>\n<p><strong>Staff-Teaching<\/strong><strong>:<\/strong><\/p>\n<p>1\u04455 days<\/p>\n<\/td>\n<td width=\"121\"><strong>Autumn term<\/strong><strong>:<\/strong>\n<p>15 May<\/p>\n<p>&nbsp;<\/p>\n<p><strong>Spring term<\/strong><strong>:<\/strong><\/p>\n<p>30 October<\/p>\n<\/td>\n<\/tr>\n<tr>\n<td width=\"28\">3<\/td>\n<td width=\"128\">Bulgarian Academy of Sciences\n<p><a href=\"http:\/\/www.bas.bg\" target=\"_blank\" rel=\"noopener\">www.bas.bg<\/a><\/p>\n<\/td>\n<td width=\"78\">BG SOFIA30<\/td>\n<td width=\"57\">2015-2021<\/td>\n<td width=\"99\">Engineering and\n<p>Engineering and Trades<\/p>\n<\/td>\n<td width=\"135\">Faculty of Civil Engineering\n<p>Institute for Earthquake Engineering and Engineering Seismology<\/p>\n<\/td>\n<td width=\"149\"><strong>Students-Studies<\/strong><strong>:<\/strong>\n<p><u>3<\/u><u><sup>rd<\/sup><\/u> <u>cycle<\/u><\/p>\n<p>1\u04455 months (5)<\/p>\n<p><strong>Staff-Teaching<\/strong><strong>:<\/strong><\/p>\n<p>1\u04455 days<\/p>\n<\/td>\n<td width=\"121\"><strong>Autumn term<\/strong><strong>:<\/strong>\n<p>Year-round<\/p>\n<p>&nbsp;<\/p>\n<p><strong>Spring term<\/strong><strong>:<\/strong><\/p>\n<p>Year-round<\/p>\n<\/td>\n<\/tr>\n<\/tbody>\n<\/table>\n<p>&nbsp;<\/p>\n<table>\n<tbody>\n<tr>\n<td colspan=\"8\" width=\"794\"><strong>CROATIA<\/strong><\/td>\n<\/tr>\n<tr>\n<td width=\"28\"><strong>No.<\/strong><\/td>\n<td width=\"128\"><strong>EU University<\/strong><strong>\/<\/strong>\n<p><strong>Web<\/strong><strong>site<\/strong><\/p>\n<\/td>\n<td width=\"78\"><strong>Erasmus code<\/strong><\/td>\n<td width=\"57\"><strong>Validity<\/strong><\/td>\n<td width=\"99\"><strong>Subject<\/strong><\/td>\n<td width=\"135\"><strong>Faculty<\/strong><\/td>\n<td width=\"149\"><strong>Quota<\/strong>\n<p><strong>&nbsp;<\/strong><\/p>\n<\/td>\n<td width=\"121\"><strong>Nomination deadline<\/strong><\/td>\n<\/tr>\n<tr>\n<td width=\"28\">4<\/td>\n<td width=\"128\">\n<h3><a href=\"http:\/\/www.unizg.hr\/\" target=\"_blank\" rel=\"noopener\">Sveu\u010dili\u0161te u Zagrebu<\/a> \u2013 University of Zagreb<\/h3>\n<h3><a href=\"http:\/\/www.unizg.hr\" target=\"_blank\" rel=\"noopener\">www.unizg.hr<\/a><\/h3>\n<\/td>\n<td width=\"78\">HR ZAGREB01\n<p>&nbsp;<\/p>\n<p>&nbsp;<\/p>\n<\/td>\n<td width=\"57\">2015-2021<\/td>\n<td width=\"99\">Building and civil engineering<\/td>\n<td width=\"135\">Faculty of Civil Engineering<\/td>\n<td width=\"149\"><strong>Students-Studies<\/strong><strong>:<\/strong>\n<p><u>1<\/u><u><sup>st<\/sup><\/u><u>, 2<\/u><u><sup>nd<\/sup><\/u><u>, 3<\/u><u><sup>rd<\/sup><\/u> <u>cycle<\/u><\/p>\n<p>4\u04456 months (24)<\/p>\n<p><strong>Staff-Teaching<\/strong><strong>:<\/strong><\/p>\n<p>2\u04455 days<\/p>\n<\/td>\n<td width=\"121\"><strong>Autumn term<\/strong><strong>:<\/strong>\n<p>1 May<\/p>\n<p><strong>&nbsp;<\/strong><\/p>\n<p><strong>Spring term<\/strong><strong>:<\/strong><\/p>\n<p>1 November<\/p>\n<\/td>\n<\/tr>\n<tr>\n<td width=\"28\">5<\/td>\n<td width=\"128\">\n<h3>University of Split<\/h3>\n<h3><a href=\"http:\/\/www.unist.hr\" target=\"_blank\" rel=\"noopener\">www.unist.hr<\/a><\/h3>\n<\/td>\n<td width=\"78\">HR SPLIT01<\/td>\n<td width=\"57\">2016-2021<\/td>\n<td width=\"99\">Civil Engineering\n<p>(Geodesy)<\/p>\n<\/td>\n<td width=\"135\"><a href=\"http:\/\/www.ukim.edu.mk\/en_struktura_contact.php?inst=13\" target=\"_blank\" rel=\"noopener\">Faculty of Civil<\/a> Engineering<\/td>\n<td width=\"149\"><strong>Students-Studies<\/strong><strong>:<\/strong>\n<p><u>2<\/u><u><sup>nd<\/sup><\/u> <u>cycle<\/u><\/p>\n<p>2\u04455 months (10)<\/p>\n<p><strong>Staff-Teaching<\/strong><strong>:<\/strong><\/p>\n<p>2\u04455 days<\/p>\n<\/td>\n<td width=\"121\"><strong>Autumn term<\/strong><strong>:<\/strong>\n<p>15 May<\/p>\n<p>&nbsp;<\/p>\n<p><strong>Spring term<\/strong><strong>:<\/strong><\/p>\n<p>15 October<\/p>\n<\/td>\n<\/tr>\n<tr>\n<td width=\"28\">6<\/td>\n<td width=\"128\">\n<h3><a href=\"http:\/\/www.unizg.hr\/\" target=\"_blank\" rel=\"noopener\">Sveu\u010dili\u0161te u Zagrebu<\/a> \u2013 University of Zagreb<\/h3>\n<h3>Faculty of Geotechnical Engineering \u2013 Varazdin<\/h3>\n<h3><a href=\"http:\/\/www.unizg.hr\" target=\"_blank\" rel=\"noopener\">www.unizg.hr<\/a><\/h3>\n<\/td>\n<td width=\"78\">HR ZAGREB01\n<p>&nbsp;<\/p>\n<p>&nbsp;<\/p>\n<\/td>\n<td width=\"57\">2018\/19-2020\/21<\/td>\n<td width=\"99\">Geotechnical and Civil Engineering<\/td>\n<td width=\"135\">Faculty of Civil Engineering<\/td>\n<td width=\"149\"><strong>Students-Studies<\/strong><strong>:<\/strong>\n<p><u>1<\/u><u><sup>st<\/sup><\/u><u>, 2<\/u><u><sup>nd<\/sup><\/u><u> cycle<\/u><\/p>\n<p>4\u04456 months (24)<\/p>\n<p><strong>Staff-Teaching<\/strong><strong>:<\/strong><\/p>\n<p>2\u04455 days<\/p>\n<\/td>\n<td width=\"121\"><strong>Autumn term<\/strong><strong>:<\/strong>\n<p>1 May<\/p>\n<p>&nbsp;<\/p>\n<p><strong>Spring term<\/strong><strong>:<\/strong><\/p>\n<p>1 November<\/p>\n<\/td>\n<\/tr>\n<\/tbody>\n<\/table>\n<p>&nbsp;<\/p>\n<table>\n<tbody>\n<tr>\n<td colspan=\"8\" width=\"794\"><strong>CZECH REPUBLIC<\/strong><\/td>\n<\/tr>\n<tr>\n<td width=\"28\"><strong>No.<\/strong><\/td>\n<td width=\"128\"><strong>EU University<\/strong><strong>\/<\/strong>\n<p><strong>Web<\/strong><strong>site<\/strong><\/p>\n<\/td>\n<td width=\"78\"><strong>Erasmus code<\/strong><\/td>\n<td width=\"57\"><strong>Validity<\/strong><\/td>\n<td width=\"99\"><strong>Subject<\/strong><\/td>\n<td width=\"135\"><strong>Faculty<\/strong><\/td>\n<td width=\"149\"><strong>Quota<\/strong>\n<p><strong>&nbsp;<\/strong><\/p>\n<\/td>\n<td width=\"121\"><strong>Nomination deadline<\/strong><\/td>\n<\/tr>\n<tr>\n<td width=\"28\">7<\/td>\n<td width=\"128\">\n<h3>Vysok\u00e9 u\u010den\u00ed technick\u00e9 v brn\u011b \u2013 Brno University of Technology<\/h3>\n<h3>&nbsp;&nbsp;&nbsp;&nbsp;&nbsp;&nbsp;&nbsp;&nbsp;&nbsp;&nbsp; <a href=\"http:\/\/www.vutbr.cz\" target=\"_blank\" rel=\"noopener\">www.vutbr.cz<\/a><\/h3>\n<\/td>\n<td width=\"78\">CZ BRNO01\n<p>&nbsp;<\/p>\n<p><strong>&nbsp;<\/strong><\/p>\n<\/td>\n<td width=\"57\">2014-2021<\/td>\n<td width=\"99\">Building and civil engineering<\/td>\n<td width=\"135\">Faculty of Civil Engineering<\/td>\n<td width=\"149\"><strong>Students-Studies<\/strong><strong>:<\/strong>\n<p><u>1<\/u><u><sup>st<\/sup><\/u><u>, 2<\/u><u><sup>nd<\/sup><\/u><u>, 3<\/u><u><sup>rd<\/sup><\/u><u> cycle<\/u><\/p>\n<p>2\u04456 months (12)<\/p>\n<p><strong>Staff-Teaching<\/strong><strong>:<\/strong><\/p>\n<p>2\u04455 days<\/p>\n<\/td>\n<td width=\"121\"><strong>Autumn term<\/strong><strong>:<\/strong>\n<p>31 May<\/p>\n<p>&nbsp;<\/p>\n<p><strong>Spring term<\/strong><strong>:<\/strong><\/p>\n<p>15 November<\/p>\n<\/td>\n<\/tr>\n<\/tbody>\n<\/table>\n<p>&nbsp;<\/p>\n<table>\n<tbody>\n<tr>\n<td colspan=\"8\" width=\"794\"><strong>ITALY<\/strong><\/td>\n<\/tr>\n<tr>\n<td width=\"28\"><strong>No.<\/strong><\/td>\n<td width=\"128\"><strong>EU University<\/strong><strong>\/<\/strong>\n<p><strong>Web<\/strong><strong>site<\/strong><\/p>\n<\/td>\n<td width=\"78\"><strong>Erasmus code<\/strong><\/td>\n<td width=\"57\"><strong>Validity<\/strong><\/td>\n<td width=\"99\"><strong>Subject<\/strong><\/td>\n<td width=\"135\"><strong>Faculty<\/strong><\/td>\n<td width=\"149\"><strong>Quota<\/strong>\n<p><strong>&nbsp;<\/strong><\/p>\n<\/td>\n<td width=\"121\"><strong>Nomination deadline<\/strong><\/td>\n<\/tr>\n<tr>\n<td width=\"28\">8<\/td>\n<td width=\"128\">\n<h3><a href=\"https:\/\/www.google.com\/url?sa=t&amp;rct=j&amp;q=&amp;esrc=s&amp;source=web&amp;cd=1&amp;cad=rja&amp;uact=8&amp;sqi=2&amp;ved=0ahUKEwiKzLWExfnKAhVjOJoKHRCjC3cQFggvMAA&amp;url=http%3A%2F%2Fwww.unifi.it%2F&amp;usg=AFQjCNHxpP09_3JxndCAF7cQuOc2lZ9IFg&amp;bvm=bv.114195076,d.bGs\" target=\"_blank\" rel=\"noopener\">Universit\u00e0 degli Studi di Firenze<\/a><\/h3>\n<h3><a href=\"http:\/\/www.unifi.it\" target=\"_blank\" rel=\"noopener\">www.unifi.it<\/a><\/h3>\n<\/td>\n<td width=\"78\">I FIRENZE01\n<p>&nbsp;<\/p>\n<p>&nbsp;<\/p>\n<p>&nbsp;<\/p>\n<\/td>\n<td width=\"57\">2014-2021<\/td>\n<td width=\"99\">Building and civil engineering<\/td>\n<td width=\"135\">Faculty of Civil Engineering<\/td>\n<td width=\"149\"><strong>Students-Studies<\/strong><strong>:<\/strong>\n<p><u>1<\/u><u><sup>st<\/sup><\/u><u>, 2<\/u><u><sup>nd<\/sup><\/u> <u>cycle<\/u><\/p>\n<p>2\u044512 months (24) \u2013 1<sup>st<\/sup> cycle<\/p>\n<p>2\u044512 months (24)<\/p>\n<p>&#8211;<u>2<\/u><u><sup>nd<\/sup><\/u> <u>cycle<\/u><\/p>\n<p><strong>Staff-Teaching<\/strong><strong>:<\/strong><\/p>\n<p>2\u04455 days<\/p>\n<\/td>\n<td width=\"121\">No official deadline, please address the Erasmus Coordinator <a href=\"http:\/\/www.unifi.it\/cmpro-v-p-743\" target=\"_blank\" rel=\"noopener\">www.unifi.it\/cmpro-v-p-743<\/a> of the hosting School when nominating students to UNIFI<\/td>\n<\/tr>\n<tr>\n<td width=\"28\">9<\/td>\n<td width=\"128\">\n<h3><a href=\"http:\/\/www.international.unina.it\/\" target=\"_blank\" rel=\"noopener\">Universita&#8217; degli Studi di Napoli Federico II<\/a><\/h3>\n<h3><a href=\"http:\/\/www.unina.it\" target=\"_blank\" rel=\"noopener\">www.unina.it<\/a><\/h3>\n<\/td>\n<td width=\"78\">I NAPOLI01\n<p>&nbsp;<\/p>\n<p>&nbsp;<\/p>\n<p>&nbsp;<\/p>\n<\/td>\n<td width=\"57\">2015-2021<\/td>\n<td width=\"99\">Building and civil engineering<\/td>\n<td width=\"135\">Faculty of Civil Engineering<\/td>\n<td width=\"149\"><strong>Students-Studies<\/strong><strong>:<\/strong>\n<p><u>2<\/u><u><sup>nd<\/sup><\/u><u>, 3<\/u><u><sup>rd<\/sup><\/u> <u>cycle<\/u><\/p>\n<p>4\u04455 months (20)<\/p>\n<p><strong>Staff-Teaching<\/strong><strong>:<\/strong><\/p>\n<p>1\u04455 days<\/p>\n<\/td>\n<td width=\"121\"><strong>Autumn term<\/strong><strong>:<\/strong>\n<p>30 June<\/p>\n<p>&nbsp;<\/p>\n<p><strong>Spring term<\/strong><strong>:<\/strong><\/p>\n<p>15 December<\/p>\n<\/td>\n<\/tr>\n<tr>\n<td width=\"28\">10<\/td>\n<td width=\"128\">\n<h3><a href=\"http:\/\/www.unimore.it\/\" target=\"_blank\" rel=\"noopener\">Universit\u00e0 degli studi di Modena e Reggio Emilia<\/a><\/h3>\n<h3><a href=\"http:\/\/www.unimore.it\" target=\"_blank\" rel=\"noopener\">www.unimore.it<\/a><\/h3>\n<\/td>\n<td width=\"78\">I MODENA01\n<p>&nbsp;<\/p>\n<p>&nbsp;<\/p>\n<p>&nbsp;<\/p>\n<\/td>\n<td width=\"57\">2015-2021<\/td>\n<td width=\"99\">Engineering and engineering trades<\/td>\n<td width=\"135\">UKIM<\/td>\n<td width=\"149\"><strong>Students-Studies<\/strong><strong>:<\/strong>\n<p><u>1<\/u><u><sup>st<\/sup><\/u><u>, 2<\/u><u><sup>nd<\/sup><\/u><u>, 3<\/u><u><sup>rd<\/sup><\/u> <u>cycle<\/u><\/p>\n<p>2\u04456 months (12)<\/p>\n<p><strong>Staff-Teaching<\/strong><strong>:<\/strong><\/p>\n<p>3\u04455 days<\/p>\n<\/td>\n<td width=\"121\"><strong>Autumn term<\/strong><strong>:<\/strong>\n<p>June<\/p>\n<p>&nbsp;<\/p>\n<p><strong>Spring term<\/strong><strong>:<\/strong><\/p>\n<p>November<\/p>\n<\/td>\n<\/tr>\n<\/tbody>\n<\/table>\n<p>&nbsp;<\/p>\n<table>\n<tbody>\n<tr>\n<td colspan=\"8\" width=\"794\"><strong>POLAND<\/strong><\/td>\n<\/tr>\n<tr>\n<td width=\"28\"><strong>No.<\/strong><\/td>\n<td width=\"128\"><strong>EU University<\/strong><strong>\/<\/strong>\n<p><strong>Web<\/strong><strong>site<\/strong><\/p>\n<\/td>\n<td width=\"78\"><strong>Erasmus code<\/strong><\/td>\n<td width=\"57\"><strong>Validity<\/strong><\/td>\n<td width=\"99\"><strong>Subject<\/strong><\/td>\n<td width=\"135\"><strong>Faculty<\/strong><\/td>\n<td width=\"149\"><strong>Quota<\/strong>\n<p><strong>&nbsp;<\/strong><\/p>\n<\/td>\n<td width=\"121\"><strong>Nomination deadline<\/strong><\/td>\n<\/tr>\n<tr>\n<td width=\"28\">11<\/td>\n<td width=\"128\">Warsaw University of Technology\n<p>&nbsp;<\/p>\n<p><a href=\"http:\/\/www.pw.edu.pl\" target=\"_blank\" rel=\"noopener\">www.pw.edu.pl<\/a><\/p>\n<\/td>\n<td width=\"78\">PL WARSZAW02\n<p>&nbsp;<\/p>\n<p>&nbsp;<\/p>\n<\/td>\n<td width=\"57\">2014-2021<\/td>\n<td width=\"99\">Civil Engineering\n<p>&nbsp;<\/p>\n<\/td>\n<td width=\"135\">Faculty of Civil Engineering\n<p>&nbsp;<\/p>\n<\/td>\n<td width=\"149\"><strong>Students-Studies<\/strong><strong>:<\/strong>\n<p><u>1<\/u><u><sup>st<\/sup><\/u><u>, 2<\/u><u><sup>nd<\/sup><\/u> <u>cycle<\/u><\/p>\n<p>2\u044512 months (24)<\/p>\n<p><strong>Staff-Teaching<\/strong><strong>:<\/strong><\/p>\n<p>1\u04455 days<\/p>\n<\/td>\n<td width=\"121\"><strong>Autumn term<\/strong><strong>:<\/strong>\n<p>31 May<\/p>\n<p>&nbsp;<\/p>\n<p><strong>Spring term<\/strong><strong>:<\/strong><\/p>\n<p>30 November<\/p>\n<\/td>\n<\/tr>\n<\/tbody>\n<\/table>\n<p>&nbsp;<\/p>\n<table>\n<tbody>\n<tr>\n<td colspan=\"8\" width=\"794\"><strong>PORTUGAL<\/strong><\/td>\n<\/tr>\n<tr>\n<td width=\"28\"><strong>No.<\/strong><\/td>\n<td width=\"128\"><strong>EU University<\/strong><strong>\/<\/strong>\n<p><strong>Web<\/strong><strong>site<\/strong><\/p>\n<\/td>\n<td width=\"78\"><strong>Erasmus code<\/strong><\/td>\n<td width=\"57\"><strong>Validity<\/strong><\/td>\n<td width=\"99\"><strong>Subject<\/strong><\/td>\n<td width=\"135\"><strong>Faculty<\/strong><\/td>\n<td width=\"149\"><strong>Quota<\/strong>\n<p><strong>&nbsp;<\/strong><\/p>\n<\/td>\n<td width=\"121\"><strong>Nomination deadline<\/strong><\/td>\n<\/tr>\n<tr>\n<td width=\"28\">12<\/td>\n<td width=\"128\">Universidade do Minho\n<p>&nbsp;<\/p>\n<p>&nbsp;<\/p>\n<p><a href=\"http:\/\/www.uminho.pt\" target=\"_blank\" rel=\"noopener\">www.uminho.pt<\/a><\/p>\n<\/td>\n<td width=\"78\">P BRAGA01\n<p>&nbsp;<\/p>\n<p>&nbsp;<\/p>\n<p>&nbsp;<\/p>\n<p>&nbsp;<\/p>\n<\/td>\n<td width=\"57\">2014-2021<\/td>\n<td width=\"99\">Civil engineering<\/td>\n<td width=\"135\">Faculty of Civil Engineering<\/td>\n<td width=\"149\"><strong>Students-Studies<\/strong><strong>:<\/strong>\n<p><u>2<\/u><u><sup>nd<\/sup><\/u><u>, 3<\/u><u><sup>rd<\/sup><\/u> <u>cycle<\/u><\/p>\n<p>2\u04455 months (10)<\/p>\n<p><strong>Staff-Teaching<\/strong><strong>:<\/strong><\/p>\n<p>1\u04455 days<\/p>\n<\/td>\n<td width=\"121\"><strong>Autumn term<\/strong><strong>:<\/strong>\n<p>15 May<\/p>\n<p><strong>Spring term<\/strong><strong>:<\/strong><\/p>\n<p>15 October<\/p>\n<\/td>\n<\/tr>\n<\/tbody>\n<\/table>\n<p>&nbsp;<\/p>\n<table>\n<tbody>\n<tr>\n<td colspan=\"8\" width=\"794\"><strong>SPAIN<\/strong><\/td>\n<\/tr>\n<tr>\n<td width=\"26\"><strong>No.<\/strong><\/td>\n<td width=\"130\"><strong>EU University<\/strong><strong>\/<\/strong>\n<p><strong>Web<\/strong><strong>site<\/strong><\/p>\n<\/td>\n<td width=\"78\"><strong>Erasmus code<\/strong><\/td>\n<td width=\"57\"><strong>Validity<\/strong><\/td>\n<td width=\"99\"><strong>Subject<\/strong><\/td>\n<td width=\"135\"><strong>Faculty<\/strong><\/td>\n<td width=\"149\"><strong>Quota<\/strong>\n<p><strong>&nbsp;<\/strong><\/p>\n<\/td>\n<td width=\"121\"><strong>Nomination deadline<\/strong><\/td>\n<\/tr>\n<tr>\n<td width=\"26\">13<\/td>\n<td width=\"130\">\n<h3>La Salle Campus Barcelona<\/h3>\n<h3>Universitat Ramon Llull<\/h3>\n<h3><a href=\"http:\/\/www.salleurl.edu\" target=\"_blank\" rel=\"noopener\">www.salleurl.edu<\/a><\/h3>\n<\/td>\n<td width=\"78\">E BARCELO16<\/td>\n<td width=\"57\">2016\/17-\n<p>2020\/21<\/p>\n<\/td>\n<td width=\"99\">Architecture and construction<\/td>\n<td width=\"135\">Faculty of Architecture;\n<p>&nbsp;<\/p>\n<p>Faculty of Civil Engineering<\/p>\n<\/td>\n<td width=\"149\"><strong>Students-Studies<\/strong><strong>:<\/strong>\n<p><u>1<\/u><u><sup>st<\/sup><\/u><u>, 2<\/u><u><sup>nd<\/sup><\/u><u> cycle<\/u><\/p>\n<p>2\u044510 months (20)<\/p>\n<p><strong>Students-Traineeships<\/strong><strong>:<\/strong><\/p>\n<p>2\u044510 months (20)<\/p>\n<p><strong>Staff-Teaching<\/strong><strong>:<\/strong><\/p>\n<p>2\u04455 days<\/p>\n<p><strong>Staff-Training<\/strong><strong>:<\/strong><\/p>\n<p>2\u04455 days<\/p>\n<\/td>\n<td width=\"121\"><strong>Autumn term<\/strong><strong>:<\/strong>\n<p>30 May<\/p>\n<p>&nbsp;<\/p>\n<p><strong>Spring term<\/strong><strong>:<\/strong><\/p>\n<p>30 October<\/p>\n<\/td>\n<\/tr>\n<\/tbody>\n<\/table>\n<\/div>","protected":false},"excerpt":{"rendered":"<p>AUSTRIA No. EU University\/ Website Erasmus code Validity Subject Faculty Quota &nbsp; Nomination deadline 1 University of Natural Resources and Life Sciences, Vienna &nbsp; www.boku.ac.at A WIEN03 &nbsp; &nbsp; &nbsp; 2014-2021 Agriculture, forestry and fishery; Building and civil engineering; Landscape architecture; Food science and technology; Forestry UKIM Students-Studies: 1st, 2nd, 3rd cycle 5\u04455 months (25) [&hellip;]<\/p>\n","protected":false},"author":1,"featured_media":0,"parent":0,"menu_order":0,"comment_status":"closed","ping_status":"closed","template":"","meta":{"footnotes":""},"class_list":["post-896","page","type-page","status-publish","hentry"],"acf":[],"_links":{"self":[{"href":"http:\/\/gf.ukim.edu.mk\/en\/wp-json\/wp\/v2\/pages\/896","targetHints":{"allow":["GET"]}}],"collection":[{"href":"http:\/\/gf.ukim.edu.mk\/en\/wp-json\/wp\/v2\/pages"}],"about":[{"href":"http:\/\/gf.ukim.edu.mk\/en\/wp-json\/wp\/v2\/types\/page"}],"author":[{"embeddable":true,"href":"http:\/\/gf.ukim.edu.mk\/en\/wp-json\/wp\/v2\/users\/1"}],"replies":[{"embeddable":true,"href":"http:\/\/gf.ukim.edu.mk\/en\/wp-json\/wp\/v2\/comments?post=896"}],"version-history":[{"count":1,"href":"http:\/\/gf.ukim.edu.mk\/en\/wp-json\/wp\/v2\/pages\/896\/revisions"}],"predecessor-version":[{"id":2022,"href":"http:\/\/gf.ukim.edu.mk\/en\/wp-json\/wp\/v2\/pages\/896\/revisions\/2022"}],"wp:attachment":[{"href":"http:\/\/gf.ukim.edu.mk\/en\/wp-json\/wp\/v2\/media?parent=896"}],"curies":[{"name":"wp","href":"https:\/\/api.w.org\/{rel}","templated":true}]}}